{"id":3015,"date":"2025-08-23T16:38:38","date_gmt":"2025-08-23T16:38:38","guid":{"rendered":"https:\/\/toponereparatur.de\/?page_id=3015"},"modified":"2025-08-23T16:38:39","modified_gmt":"2025-08-23T16:38:39","slug":"datenschutzerklarung","status":"publish","type":"page","link":"https:\/\/toponereparatur.de\/index.php\/datenschutzerklarung\/","title":{"rendered":"Datenschutzerkl\u00e4rung"},"content":{"rendered":"\n<p>Verantwortliche Stelle im Sinne der Datenschutzgesetze, insbesondere der EU-Datenschutzgrundverordnung (DSGVO), ist:<\/p>\n\n\n\n<p>Top-One<br>Pannierstra\u00dfe 60<br>12047 Berlin<br>Deutschland<\/p>\n\n\n\n<p>Telefon: 0157 77770111<br>E-Mail: top1reparatur@gmail.com<\/p>\n\n\n\n<p>\u2e3b<\/p>\n\n\n\n<ol><li>Allgemeine Hinweise<\/li><\/ol>\n\n\n\n<p>Der Schutz Ihrer pers\u00f6nlichen Daten ist uns sehr wichtig. Wir behandeln Ihre personenbezogenen Daten vertraulich und entsprechend den gesetzlichen Datenschutzvorschriften sowie dieser Datenschutzerkl\u00e4rung.<\/p>\n\n\n\n<p>\u2e3b<\/p>\n\n\n\n<ol start=\"2\"><li>Erhebung und Speicherung personenbezogener Daten sowie Art und Zweck von deren Verwendung<br>\u2022 Beim Besuch unserer Website werden automatisch Informationen (z. B. IP-Adresse, Browsertyp, Datum\/Uhrzeit des Zugriffs) durch den Server gespeichert.<br>\u2022 Diese Daten dienen ausschlie\u00dflich der Sicherstellung eines reibungslosen Betriebs der Website.<\/li><\/ol>\n\n\n\n<p>\u2e3b<\/p>\n\n\n\n<ol start=\"3\"><li>Cookies<\/li><\/ol>\n\n\n\n<p>Unsere Website verwendet Cookies. Cookies richten auf Ihrem Rechner keinen Schaden an und enthalten keine Viren. Sie dienen dazu, unser Angebot nutzerfreundlicher, effektiver und sicherer zu machen.<\/p>\n\n\n\n<p>\u2e3b<\/p>\n\n\n\n<ol start=\"4\"><li>Ihre Rechte<\/li><\/ol>\n\n\n\n<p>Sie haben jederzeit das Recht auf:<br>\u2022 Auskunft \u00fcber Ihre gespeicherten Daten,<br>\u2022 Berichtigung, L\u00f6schung oder Einschr\u00e4nkung der Verarbeitung,<br>\u2022 Widerspruch gegen die Verarbeitung,<br>\u2022 Daten\u00fcbertragbarkeit.<\/p>\n\n\n\n<p>\u2e3b<\/p>\n\n\n\n<ol start=\"5\"><li>Sicherheit<\/li><\/ol>\n\n\n\n<p>Wir verwenden technische und organisatorische Sicherheitsma\u00dfnahmen, um Ihre Daten gegen Manipulation, Verlust, Zerst\u00f6rung oder unbefugten Zugriff zu sch\u00fctzen.<\/p>\n\n\n\n<p>\u2e3b<\/p>\n\n\n\n<ol start=\"6\"><li>Kontakt<\/li><\/ol>\n\n\n\n<p>Bei Fragen zum Datenschutz wenden Sie sich bitte an:<\/p>\n\n\n\n<p>Top-One<br>Pannierstra\u00dfe 60, 12047 Berlin<br>E-Mail: top1reparatur@gmail.com<br>Telefon: 0157 77770111<\/p>\n","protected":false},"excerpt":{"rendered":"<p>Verantwortliche Stelle im Sinne der Datenschutzgesetze, insbesondere der EU-Datenschutzgrundverordnung (DSGVO), ist: Top-OnePannierstra\u00dfe 6012047 BerlinDeutschland Telefon: 0157 77770111E-Mail: top1reparatur@gmail.com \u2e3b Allgemeine Hinweise Der Schutz Ihrer pers\u00f6nlichen Daten ist uns sehr wichtig. Wir behandeln Ihre personenbezogenen Daten vertraulich und entsprechend den gesetzlichen Datenschutzvorschriften sowie dieser Datenschutzerkl\u00e4rung. \u2e3b Erhebung und Speicherung personenbezogener Daten sowie Art und Zweck von [&hellip;]<\/p>\n","protected":false},"author":1,"featured_media":0,"parent":0,"menu_order":0,"comment_status":"closed","ping_status":"closed","template":"","meta":[],"_links":{"self":[{"href":"https:\/\/toponereparatur.de\/index.php\/wp-json\/wp\/v2\/pages\/3015"}],"collection":[{"href":"https:\/\/toponereparatur.de\/index.php\/wp-json\/wp\/v2\/pages"}],"about":[{"href":"https:\/\/toponereparatur.de\/index.php\/wp-json\/wp\/v2\/types\/page"}],"author":[{"embeddable":true,"href":"https:\/\/toponereparatur.de\/index.php\/wp-json\/wp\/v2\/users\/1"}],"replies":[{"embeddable":true,"href":"https:\/\/toponereparatur.de\/index.php\/wp-json\/wp\/v2\/comments?post=3015"}],"version-history":[{"count":1,"href":"https:\/\/toponereparatur.de\/index.php\/wp-json\/wp\/v2\/pages\/3015\/revisions"}],"predecessor-version":[{"id":3016,"href":"https:\/\/toponereparatur.de\/index.php\/wp-json\/wp\/v2\/pages\/3015\/revisions\/3016"}],"wp:attachment":[{"href":"https:\/\/toponereparatur.de\/index.php\/wp-json\/wp\/v2\/media?parent=3015"}],"curies":[{"name":"wp","href":"https:\/\/api.w.org\/{rel}","templated":true}]}}