{"id":3013,"date":"2025-08-23T15:22:39","date_gmt":"2025-08-23T15:22:39","guid":{"rendered":"https:\/\/toponereparatur.de\/?page_id=3013"},"modified":"2025-08-23T15:26:25","modified_gmt":"2025-08-23T15:26:25","slug":"widerrufsbelehrung","status":"publish","type":"page","link":"https:\/\/toponereparatur.de\/index.php\/widerrufsbelehrung\/","title":{"rendered":"Widerrufsbelehrung"},"content":{"rendered":"\n<p>Da wir keinen Online-Shop betreiben und unsere Waren und Dienstleistungen ausschlie\u00dflich in unserem Ladengesch\u00e4ft in Berlin verkaufen, besteht kein gesetzliches Widerrufsrecht nach \u00a7 312g BGB (Fernabsatzvertr\u00e4ge).<\/p>\n\n\n\n<p>R\u00fcckgaben oder Umtausch sind nur im Rahmen der gesetzlichen Gew\u00e4hrleistung oder nach individueller Absprache im Gesch\u00e4ft m\u00f6glich.<\/p>\n\n\n\n<p>Top-One<br>Inhaber: Khaled Srour<br>Pannierstra\u00dfe 60<br>12047 Berlin<\/p>\n","protected":false},"excerpt":{"rendered":"<p>Da wir keinen Online-Shop betreiben und unsere Waren und Dienstleistungen ausschlie\u00dflich in unserem Ladengesch\u00e4ft in Berlin verkaufen, besteht kein gesetzliches Widerrufsrecht nach \u00a7 312g BGB (Fernabsatzvertr\u00e4ge). R\u00fcckgaben oder Umtausch sind nur im Rahmen der gesetzlichen Gew\u00e4hrleistung oder nach individueller Absprache im Gesch\u00e4ft m\u00f6glich. Top-OneInhaber: Khaled SrourPannierstra\u00dfe 6012047 Berlin<\/p>\n","protected":false},"author":1,"featured_media":0,"parent":0,"menu_order":0,"comment_status":"closed","ping_status":"closed","template":"","meta":[],"_links":{"self":[{"href":"https:\/\/toponereparatur.de\/index.php\/wp-json\/wp\/v2\/pages\/3013"}],"collection":[{"href":"https:\/\/toponereparatur.de\/index.php\/wp-json\/wp\/v2\/pages"}],"about":[{"href":"https:\/\/toponereparatur.de\/index.php\/wp-json\/wp\/v2\/types\/page"}],"author":[{"embeddable":true,"href":"https:\/\/toponereparatur.de\/index.php\/wp-json\/wp\/v2\/users\/1"}],"replies":[{"embeddable":true,"href":"https:\/\/toponereparatur.de\/index.php\/wp-json\/wp\/v2\/comments?post=3013"}],"version-history":[{"count":1,"href":"https:\/\/toponereparatur.de\/index.php\/wp-json\/wp\/v2\/pages\/3013\/revisions"}],"predecessor-version":[{"id":3014,"href":"https:\/\/toponereparatur.de\/index.php\/wp-json\/wp\/v2\/pages\/3013\/revisions\/3014"}],"wp:attachment":[{"href":"https:\/\/toponereparatur.de\/index.php\/wp-json\/wp\/v2\/media?parent=3013"}],"curies":[{"name":"wp","href":"https:\/\/api.w.org\/{rel}","templated":true}]}}