{"id":3004,"date":"2025-08-23T14:37:02","date_gmt":"2025-08-23T14:37:02","guid":{"rendered":"https:\/\/toponereparatur.de\/?page_id=3004"},"modified":"2025-08-23T15:04:22","modified_gmt":"2025-08-23T15:04:22","slug":"impressum","status":"publish","type":"page","link":"https:\/\/toponereparatur.de\/index.php\/impressum\/","title":{"rendered":"Impressum"},"content":{"rendered":"\n<p>Angaben gem\u00e4\u00df \u00a7 5 TMG:<\/p>\n\n\n\n<p>Top-One<br>Inhaber: Khaled Srour<br>Pannierstra\u00dfe 60<br>12047 Berlin<br>Deutschland<\/p>\n\n\n\n<p>Kontakt:<br>Telefon: 0157 77770111<br>E-Mail: top1reparatur@gmail.com<\/p>\n\n\n\n<p>Umsatzsteuer-Identifikationsnummer gem\u00e4\u00df \u00a727 a Umsatzsteuergesetz:<br>DE352018030<\/p>\n\n\n\n<p>Verantwortlich f\u00fcr den Inhalt nach \u00a7 55 Abs. 2 RStV:<br>Khaled Srour<br>Pannierstra\u00dfe 60<br>12047 Berlin<\/p>\n\n\n\n<p>Hinweis:<br>Verkauf ausschlie\u00dflich im Ladengesch\u00e4ft, kein Online-Shop<\/p>\n","protected":false},"excerpt":{"rendered":"<p>Angaben gem\u00e4\u00df \u00a7 5 TMG: Top-OneInhaber: Khaled SrourPannierstra\u00dfe 6012047 BerlinDeutschland Kontakt:Telefon: 0157 77770111E-Mail: top1reparatur@gmail.com Umsatzsteuer-Identifikationsnummer gem\u00e4\u00df \u00a727 a Umsatzsteuergesetz:DE352018030 Verantwortlich f\u00fcr den Inhalt nach \u00a7 55 Abs. 2 RStV:Khaled SrourPannierstra\u00dfe 6012047 Berlin Hinweis:Verkauf ausschlie\u00dflich im Ladengesch\u00e4ft, kein Online-Shop<\/p>\n","protected":false},"author":1,"featured_media":0,"parent":0,"menu_order":0,"comment_status":"closed","ping_status":"closed","template":"","meta":[],"_links":{"self":[{"href":"https:\/\/toponereparatur.de\/index.php\/wp-json\/wp\/v2\/pages\/3004"}],"collection":[{"href":"https:\/\/toponereparatur.de\/index.php\/wp-json\/wp\/v2\/pages"}],"about":[{"href":"https:\/\/toponereparatur.de\/index.php\/wp-json\/wp\/v2\/types\/page"}],"author":[{"embeddable":true,"href":"https:\/\/toponereparatur.de\/index.php\/wp-json\/wp\/v2\/users\/1"}],"replies":[{"embeddable":true,"href":"https:\/\/toponereparatur.de\/index.php\/wp-json\/wp\/v2\/comments?post=3004"}],"version-history":[{"count":1,"href":"https:\/\/toponereparatur.de\/index.php\/wp-json\/wp\/v2\/pages\/3004\/revisions"}],"predecessor-version":[{"id":3005,"href":"https:\/\/toponereparatur.de\/index.php\/wp-json\/wp\/v2\/pages\/3004\/revisions\/3005"}],"wp:attachment":[{"href":"https:\/\/toponereparatur.de\/index.php\/wp-json\/wp\/v2\/media?parent=3004"}],"curies":[{"name":"wp","href":"https:\/\/api.w.org\/{rel}","templated":true}]}}